{"id":2,"date":"2020-05-06T20:55:16","date_gmt":"2020-05-06T18:55:16","guid":{"rendered":"http:\/\/eboops.com\/?page_id=2"},"modified":"2023-06-11T21:06:51","modified_gmt":"2023-06-11T19:06:51","slug":"page-d-exemple","status":"publish","type":"page","link":"https:\/\/eboops.com\/","title":{"rendered":"eBoops.com"},"content":{"rendered":"\n<p class=\"has-very-dark-gray-color has-text-color\"><mark style=\"background-color:rgba(0, 0, 0, 0)\" class=\"has-inline-color has-very-dark-gray-color\">Bonjour,<br><\/mark>Informaticien de profession, p<mark style=\"background-color:rgba(0, 0, 0, 0)\" class=\"has-inline-color has-very-dark-gray-color\">ar int\u00e9r\u00eat personnel, j&rsquo;ai suivi il y a quelques ann\u00e9es par l&rsquo;interm\u00e9diaire de Coursera, qui propose des formations en ligne gratuites et ouvertes \u00e0 tous, un cours de l&rsquo;\u00e9cole Polytechnique F\u00e9d\u00e9rale de Lausanne sur la Programmation Orient\u00e9 Objet (POO) en Java. Cette formation est une excellente approche de la POO, j&rsquo;en profite ici pour les remercier. <\/mark><br><mark style=\"background-color:rgba(0, 0, 0, 0)\" class=\"has-inline-color has-very-dark-gray-color\">J&rsquo;ai pu ensuite \u00e9tudier seul la programmation Android.<\/mark><mark style=\"background-color:rgba(0, 0, 0, 0);color:#3f61af\" class=\"has-inline-color\"><br><\/mark><br><mark style=\"background-color:rgba(0, 0, 0, 0)\" class=\"has-inline-color has-very-dark-gray-color\">J\u2019ai d\u00e9velopp\u00e9 au d\u00e9part, pour mon utilisation personnelle, une application simple de carnet pour pouvoir prendre des notes dans mon t\u00e9l\u00e9phone et les retrouver facilement.<br> L\u2019id\u00e9e premi\u00e8re de cette application \u00e9tait d\u2019\u00eatre simple \u00e0 utiliser, comme un vrai carnet et sans n\u00e9cessit\u00e9 de connexion Internet pour que mes informations soient accessibles partout. <br>Quelques temps apr\u00e8s j&rsquo;ai d\u00e9cid\u00e9 de publier cette application sur le Play Store me disant qu\u2019elle pourrait rendre service \u00e0 quelques autres personnes.<br> Cette premi\u00e8re application Carnet R\u00e9pertoire a \u00e9t\u00e9 jusqu\u2019\u00e0 aujourd\u2019hui t\u00e9l\u00e9charg\u00e9e plus de 100 000 fois.<\/mark><\/p>\n\n\n\n<blockquote class=\"wp-block-quote is-style-default is-layout-flow wp-block-quote-is-layout-flow\">\n<p><mark style=\"background-color:rgba(0, 0, 0, 0)\" class=\"has-inline-color has-very-dark-gray-color\">Je l&rsquo;ai traduite et publi\u00e9e en 8 langues diff\u00e9rentes : fran\u00e7ais, anglais, allemand, italien, espagnol,  portugais, russe<\/mark> et n\u00e9erlandais.<\/p>\n\n\n\n<p><mark style=\"background-color:rgba(0, 0, 0, 0)\" class=\"has-inline-color has-very-dark-gray-color\">C&rsquo;est tr\u00e8s int\u00e9ressant de voir que maintenant cette application est utilis\u00e9e dans plus de 160 pays.<\/mark> <\/p>\n<\/blockquote>\n\n\n\n<div class=\"wp-block-media-text alignwide\" style=\"grid-template-columns:10% auto\"><figure class=\"wp-block-media-text__media\"><img loading=\"lazy\" decoding=\"async\" width=\"512\" height=\"512\" src=\"https:\/\/eboops.com\/wp-content\/uploads\/2020\/05\/cr1_new_icon_PS-2.png\" alt=\"\" class=\"wp-image-13 size-full\" srcset=\"https:\/\/eboops.com\/wp-content\/uploads\/2020\/05\/cr1_new_icon_PS-2.png 512w, https:\/\/eboops.com\/wp-content\/uploads\/2020\/05\/cr1_new_icon_PS-2-150x150.png 150w, https:\/\/eboops.com\/wp-content\/uploads\/2020\/05\/cr1_new_icon_PS-2-300x300.png 300w\" sizes=\"auto, (max-width: 512px) 100vw, 512px\" \/><\/figure><div class=\"wp-block-media-text__content\">\n<p><a href=\"https:\/\/play.google.com\/store\/apps\/details?id=com.eboops.moncarnet&amp;hl=fr\"><span style=\"color:#01579b\" class=\"has-inline-color\">https:\/\/play.google.com\/store\/apps\/details?id=com.eboops.moncarnet&amp;hl=fr<\/span><\/a><\/p>\n<\/div><\/div>\n\n\n\n<p><mark style=\"background-color:rgba(0, 0, 0, 0)\" class=\"has-inline-color has-very-dark-gray-color\">Au fil du temps, j&rsquo;ai rajout\u00e9 une option essentielle : la possibilit\u00e9 de prot\u00e9ger l&rsquo;acc\u00e8s au carnet par un mot de passe.<\/mark><\/p>\n\n\n\n<figure class=\"wp-block-image size-large\"><img loading=\"lazy\" decoding=\"async\" width=\"1024\" height=\"576\" src=\"https:\/\/eboops.com\/wp-content\/uploads\/2020\/06\/cr1_page-developpeur_4096-x-2304-1024x576.jpg\" alt=\"\" class=\"wp-image-72\" srcset=\"https:\/\/eboops.com\/wp-content\/uploads\/2020\/06\/cr1_page-developpeur_4096-x-2304-1024x576.jpg 1024w, https:\/\/eboops.com\/wp-content\/uploads\/2020\/06\/cr1_page-developpeur_4096-x-2304-300x169.jpg 300w, https:\/\/eboops.com\/wp-content\/uploads\/2020\/06\/cr1_page-developpeur_4096-x-2304-768x432.jpg 768w, https:\/\/eboops.com\/wp-content\/uploads\/2020\/06\/cr1_page-developpeur_4096-x-2304-1536x864.jpg 1536w, https:\/\/eboops.com\/wp-content\/uploads\/2020\/06\/cr1_page-developpeur_4096-x-2304-2048x1152.jpg 2048w, https:\/\/eboops.com\/wp-content\/uploads\/2020\/06\/cr1_page-developpeur_4096-x-2304-1140x641.jpg 1140w\" sizes=\"auto, (max-width: 706px) 89vw, (max-width: 767px) 82vw, 740px\" \/><\/figure>\n\n\n\n<p><\/p>\n","protected":false},"excerpt":{"rendered":"<p>Bonjour,Informaticien de profession, par int\u00e9r\u00eat personnel, j&rsquo;ai suivi il y a quelques ann\u00e9es par l&rsquo;interm\u00e9diaire de Coursera, qui propose des formations en ligne gratuites et ouvertes \u00e0 tous, un cours de l&rsquo;\u00e9cole Polytechnique F\u00e9d\u00e9rale de Lausanne sur la Programmation Orient\u00e9 Objet (POO) en Java. Cette formation est une excellente approche de la POO, j&rsquo;en profite &hellip; <\/p>\n<p class=\"link-more\"><a href=\"https:\/\/eboops.com\/\" class=\"more-link\">Continuer la lecture<span class=\"screen-reader-text\"> de &laquo;&nbsp;eBoops.com&nbsp;&raquo;<\/span><\/a><\/p>\n","protected":false},"author":1,"featured_media":0,"parent":0,"menu_order":1,"comment_status":"closed","ping_status":"open","template":"","meta":{"footnotes":""},"class_list":["post-2","page","type-page","status-publish","hentry"],"_links":{"self":[{"href":"https:\/\/eboops.com\/index.php\/wp-json\/wp\/v2\/pages\/2","targetHints":{"allow":["GET"]}}],"collection":[{"href":"https:\/\/eboops.com\/index.php\/wp-json\/wp\/v2\/pages"}],"about":[{"href":"https:\/\/eboops.com\/index.php\/wp-json\/wp\/v2\/types\/page"}],"author":[{"embeddable":true,"href":"https:\/\/eboops.com\/index.php\/wp-json\/wp\/v2\/users\/1"}],"replies":[{"embeddable":true,"href":"https:\/\/eboops.com\/index.php\/wp-json\/wp\/v2\/comments?post=2"}],"version-history":[{"count":25,"href":"https:\/\/eboops.com\/index.php\/wp-json\/wp\/v2\/pages\/2\/revisions"}],"predecessor-version":[{"id":138,"href":"https:\/\/eboops.com\/index.php\/wp-json\/wp\/v2\/pages\/2\/revisions\/138"}],"wp:attachment":[{"href":"https:\/\/eboops.com\/index.php\/wp-json\/wp\/v2\/media?parent=2"}],"curies":[{"name":"wp","href":"https:\/\/api.w.org\/{rel}","templated":true}]}}