{"id":92,"date":"2020-06-04T18:28:49","date_gmt":"2020-06-04T16:28:49","guid":{"rendered":"http:\/\/eboops.com\/?page_id=92"},"modified":"2020-06-05T13:12:29","modified_gmt":"2020-06-05T11:12:29","slug":"carnet-semainier","status":"publish","type":"page","link":"https:\/\/eboops.com\/index.php\/carnet-semainier\/","title":{"rendered":"Carnet Semainier"},"content":{"rendered":"\n<p><\/p>\n\n\n\n<p>Cette application s&rsquo;apparente \u00e0 un Cahier de Texte scolaire avec chaque jour de la semaine.<br>Elle a les m\u00eames fonctionnalit\u00e9s de formatage du texte et de mise en page que Carnet R\u00e9pertoire 2.<\/p>\n\n\n\n<figure class=\"wp-block-image size-large\"><img loading=\"lazy\" decoding=\"async\" width=\"1024\" height=\"576\" src=\"https:\/\/eboops.com\/wp-content\/uploads\/2020\/06\/wn_page-developpeur_4096-x-2304-1024x576.jpg\" alt=\"\" class=\"wp-image-93\" srcset=\"https:\/\/eboops.com\/wp-content\/uploads\/2020\/06\/wn_page-developpeur_4096-x-2304-1024x576.jpg 1024w, https:\/\/eboops.com\/wp-content\/uploads\/2020\/06\/wn_page-developpeur_4096-x-2304-300x169.jpg 300w, https:\/\/eboops.com\/wp-content\/uploads\/2020\/06\/wn_page-developpeur_4096-x-2304-768x432.jpg 768w, https:\/\/eboops.com\/wp-content\/uploads\/2020\/06\/wn_page-developpeur_4096-x-2304-1536x864.jpg 1536w, https:\/\/eboops.com\/wp-content\/uploads\/2020\/06\/wn_page-developpeur_4096-x-2304-2048x1152.jpg 2048w, https:\/\/eboops.com\/wp-content\/uploads\/2020\/06\/wn_page-developpeur_4096-x-2304-1140x641.jpg 1140w\" sizes=\"auto, (max-width: 706px) 89vw, (max-width: 767px) 82vw, 740px\" \/><\/figure>\n\n\n\n<p><a href=\"https:\/\/play.google.com\/store\/apps\/details?id=com.eboops.wn\"><span style=\"color:#2f218a\" class=\"has-inline-color\">https:\/\/play.google.com\/store\/apps\/details?id=com.eboops.wn<\/span><\/a><\/p>\n","protected":false},"excerpt":{"rendered":"<p>Cette application s&rsquo;apparente \u00e0 un Cahier de Texte scolaire avec chaque jour de la semaine.Elle a les m\u00eames fonctionnalit\u00e9s de formatage du texte et de mise en page que Carnet R\u00e9pertoire 2. https:\/\/play.google.com\/store\/apps\/details?id=com.eboops.wn<\/p>\n","protected":false},"author":1,"featured_media":0,"parent":0,"menu_order":0,"comment_status":"closed","ping_status":"closed","template":"","meta":{"footnotes":""},"class_list":["post-92","page","type-page","status-publish","hentry"],"_links":{"self":[{"href":"https:\/\/eboops.com\/index.php\/wp-json\/wp\/v2\/pages\/92","targetHints":{"allow":["GET"]}}],"collection":[{"href":"https:\/\/eboops.com\/index.php\/wp-json\/wp\/v2\/pages"}],"about":[{"href":"https:\/\/eboops.com\/index.php\/wp-json\/wp\/v2\/types\/page"}],"author":[{"embeddable":true,"href":"https:\/\/eboops.com\/index.php\/wp-json\/wp\/v2\/users\/1"}],"replies":[{"embeddable":true,"href":"https:\/\/eboops.com\/index.php\/wp-json\/wp\/v2\/comments?post=92"}],"version-history":[{"count":4,"href":"https:\/\/eboops.com\/index.php\/wp-json\/wp\/v2\/pages\/92\/revisions"}],"predecessor-version":[{"id":119,"href":"https:\/\/eboops.com\/index.php\/wp-json\/wp\/v2\/pages\/92\/revisions\/119"}],"wp:attachment":[{"href":"https:\/\/eboops.com\/index.php\/wp-json\/wp\/v2\/media?parent=92"}],"curies":[{"name":"wp","href":"https:\/\/api.w.org\/{rel}","templated":true}]}}